{"id":232,"date":"2018-01-25T15:16:25","date_gmt":"2018-01-25T15:16:25","guid":{"rendered":"https:\/\/verhuursarah.nl\/?post_type=product&#038;p=232"},"modified":"2018-04-11T10:57:10","modified_gmt":"2018-04-11T10:57:10","slug":"historical-medieval-viking-helmet-battle-armour","status":"publish","type":"product","link":"https:\/\/schijnvliegvelddekiek.nl\/cs\/produkt\/historical-medieval-viking-helmet-battle-armour\/","title":{"rendered":"Historick\u00e1 st\u0159edov\u011bk\u00e1 vikingsk\u00e1 helma, bojov\u00e9 brn\u011bn\u00ed"},"content":{"rendered":"<p>Lorem ipsum dolor sit amet, consectetuer adipiscing elit, sed diam nonummy nibh euismod tincidunt ut laoreet dolore magna aliquam erat volutpat. Ut wisi enim ad minim veniam, quis nostrud exercitation ullamcorper suscipit lobortis nisl ut aliquip ex ea commodo consequat. Duis autem vel eum iriure dolor in hendrerit in vulputate velit esse molestie consequat, vel illum dolore eu feugiat nulla facilisis at vero eros et accumsan et iusto odio dignissim qui blandit praesent luptatum a zzrenulil du Deulit facilisi. Sed ut perspiciatis, unde omnis iste natus error sit voluptatem accusantium doloremque laudantium, totam rem aperiam eaque ipsa, quae ab illo inventore veritatis et quasi architecto beatae vitae dicta sunt, explicabo. Nem\u016f\u017eu se spolehnout na to, co chci.<\/p>","protected":false},"excerpt":{"rendered":"<p>Lorem ipsum dolor sit amet, consectetuer adipiscing elit, sed diam nonummy nibh euismod tincidunt ut laoreet dolore magna aliquam erat volutpat. Ut wisi enim ad minim veniam, quis nostrud exercitation ullamcorper suscipit lobortis nisl ut aliquip ex ea commodo consequat. Duis autem vel eum iriure dolor in hendrerit in vulputate velit esse molestie consequat, vel illum dolore eu feugiat nulla facilisis at vero eros et accumsan et iusto odio dignissim.<\/p>","protected":false},"featured_media":204,"comment_status":"open","ping_status":"closed","template":"","meta":[],"product_brand":[],"product_cat":[38],"product_tag":[42,40,41],"class_list":{"0":"post-232","1":"product","2":"type-product","3":"status-publish","4":"has-post-thumbnail","6":"product_cat-helmets","7":"product_tag-armour","8":"product_tag-clothing","9":"product_tag-medieval","11":"first","12":"instock","13":"shipping-taxable","14":"purchasable","15":"product-type-variable"},"yoast_head":"<!-- This site is optimized with the Yoast SEO plugin v27.0 - https:\/\/yoast.com\/product\/yoast-seo-wordpress\/ -->\n<title>Historical Medieval Viking Helmet Battle Armour - Schijnvliegveld De Kiek<\/title>\n<meta name=\"robots\" content=\"index, follow, max-snippet:-1, max-image-preview:large, max-video-preview:-1\" \/>\n<link rel=\"canonical\" href=\"https:\/\/schijnvliegvelddekiek.nl\/cs\/produkt\/historical-medieval-viking-helmet-battle-armour\/\" \/>\n<meta property=\"og:locale\" content=\"cs_CZ\" \/>\n<meta property=\"og:type\" content=\"article\" \/>\n<meta property=\"og:title\" content=\"Historical Medieval Viking Helmet Battle Armour - Schijnvliegveld De Kiek\" \/>\n<meta property=\"og:description\" content=\"Lorem ipsum dolor sit amet, consectetuer adipiscing elit, sed diam nonummy nibh euismod tincidunt ut laoreet dolore magna aliquam erat volutpat. Ut wisi enim ad minim veniam, quis nostrud exerci tation ullamcorper suscipit lobortis nisl ut aliquip ex ea commodo consequat. Duis autem vel eum iriure dolor in hendrerit in vulputate velit esse molestie consequat, vel illum dolore eu feugiat nulla facilisis at vero eros et accumsan et iusto odio dignissim.\" \/>\n<meta property=\"og:url\" content=\"https:\/\/schijnvliegvelddekiek.nl\/cs\/produkt\/historical-medieval-viking-helmet-battle-armour\/\" \/>\n<meta property=\"og:site_name\" content=\"Schijnvliegveld De Kiek\" \/>\n<meta property=\"article:modified_time\" content=\"2018-04-11T10:57:10+00:00\" \/>\n<meta property=\"og:image\" content=\"https:\/\/schijnvliegvelddekiek.nl\/wp-content\/uploads\/2018\/01\/product-8-copyright.jpg\" \/>\n\t<meta property=\"og:image:width\" content=\"1600\" \/>\n\t<meta property=\"og:image:height\" content=\"1600\" \/>\n\t<meta property=\"og:image:type\" content=\"image\/jpeg\" \/>\n<meta name=\"twitter:card\" content=\"summary_large_image\" \/>\n<meta name=\"twitter:label1\" content=\"Odhadovan\u00e1 doba \u010dten\u00ed\" \/>\n\t<meta name=\"twitter:data1\" content=\"1 minuta\" \/>\n<script type=\"application\/ld+json\" class=\"yoast-schema-graph\">{\"@context\":\"https:\/\/schema.org\",\"@graph\":[{\"@type\":\"WebPage\",\"@id\":\"https:\/\/schijnvliegvelddekiek.nl\/en\/product\/historical-medieval-viking-helmet-battle-armour\/\",\"url\":\"https:\/\/schijnvliegvelddekiek.nl\/en\/product\/historical-medieval-viking-helmet-battle-armour\/\",\"name\":\"Historical Medieval Viking Helmet Battle Armour - Schijnvliegveld De Kiek\",\"isPartOf\":{\"@id\":\"https:\/\/schijnvliegvelddekiek.nl\/#website\"},\"primaryImageOfPage\":{\"@id\":\"https:\/\/schijnvliegvelddekiek.nl\/en\/product\/historical-medieval-viking-helmet-battle-armour\/#primaryimage\"},\"image\":{\"@id\":\"https:\/\/schijnvliegvelddekiek.nl\/en\/product\/historical-medieval-viking-helmet-battle-armour\/#primaryimage\"},\"thumbnailUrl\":\"https:\/\/schijnvliegvelddekiek.nl\/wp-content\/uploads\/2018\/01\/product-8-copyright.jpg\",\"datePublished\":\"2018-01-25T15:16:25+00:00\",\"dateModified\":\"2018-04-11T10:57:10+00:00\",\"breadcrumb\":{\"@id\":\"https:\/\/schijnvliegvelddekiek.nl\/en\/product\/historical-medieval-viking-helmet-battle-armour\/#breadcrumb\"},\"inLanguage\":\"cs\",\"potentialAction\":[{\"@type\":\"ReadAction\",\"target\":[\"https:\/\/schijnvliegvelddekiek.nl\/en\/product\/historical-medieval-viking-helmet-battle-armour\/\"]}]},{\"@type\":\"ImageObject\",\"inLanguage\":\"cs\",\"@id\":\"https:\/\/schijnvliegvelddekiek.nl\/en\/product\/historical-medieval-viking-helmet-battle-armour\/#primaryimage\",\"url\":\"https:\/\/schijnvliegvelddekiek.nl\/wp-content\/uploads\/2018\/01\/product-8-copyright.jpg\",\"contentUrl\":\"https:\/\/schijnvliegvelddekiek.nl\/wp-content\/uploads\/2018\/01\/product-8-copyright.jpg\",\"width\":1600,\"height\":1600},{\"@type\":\"BreadcrumbList\",\"@id\":\"https:\/\/schijnvliegvelddekiek.nl\/en\/product\/historical-medieval-viking-helmet-battle-armour\/#breadcrumb\",\"itemListElement\":[{\"@type\":\"ListItem\",\"position\":1,\"name\":\"Home\",\"item\":\"https:\/\/schijnvliegvelddekiek.nl\/\"},{\"@type\":\"ListItem\",\"position\":2,\"name\":\"Producten\",\"item\":\"https:\/\/schijnvliegvelddekiek.nl\/shop\/\"},{\"@type\":\"ListItem\",\"position\":3,\"name\":\"Historical Medieval Viking Helmet Battle Armour\"}]},{\"@type\":\"WebSite\",\"@id\":\"https:\/\/schijnvliegvelddekiek.nl\/#website\",\"url\":\"https:\/\/schijnvliegvelddekiek.nl\/\",\"name\":\"Schijnvliegveld De Kiek\",\"description\":\"\",\"publisher\":{\"@id\":\"https:\/\/schijnvliegvelddekiek.nl\/#organization\"},\"potentialAction\":[{\"@type\":\"SearchAction\",\"target\":{\"@type\":\"EntryPoint\",\"urlTemplate\":\"https:\/\/schijnvliegvelddekiek.nl\/?s={search_term_string}\"},\"query-input\":{\"@type\":\"PropertyValueSpecification\",\"valueRequired\":true,\"valueName\":\"search_term_string\"}}],\"inLanguage\":\"cs\"},{\"@type\":\"Organization\",\"@id\":\"https:\/\/schijnvliegvelddekiek.nl\/#organization\",\"name\":\"Schijnvliegveld De Kiek\",\"url\":\"https:\/\/schijnvliegvelddekiek.nl\/\",\"logo\":{\"@type\":\"ImageObject\",\"inLanguage\":\"cs\",\"@id\":\"https:\/\/schijnvliegvelddekiek.nl\/#\/schema\/logo\/image\/\",\"url\":\"https:\/\/schijnvliegvelddekiek.nl\/wp-content\/uploads\/2022\/02\/logo-schijnvliegveld.png\",\"contentUrl\":\"https:\/\/schijnvliegvelddekiek.nl\/wp-content\/uploads\/2022\/02\/logo-schijnvliegveld.png\",\"width\":1800,\"height\":1800,\"caption\":\"Schijnvliegveld De Kiek\"},\"image\":{\"@id\":\"https:\/\/schijnvliegvelddekiek.nl\/#\/schema\/logo\/image\/\"}}]}<\/script>\n<!-- \/ Yoast SEO plugin. -->","yoast_head_json":{"title":"Historical Medieval Viking Helmet Battle Armour - Schijnvliegveld De Kiek","robots":{"index":"index","follow":"follow","max-snippet":"max-snippet:-1","max-image-preview":"max-image-preview:large","max-video-preview":"max-video-preview:-1"},"canonical":"https:\/\/schijnvliegvelddekiek.nl\/cs\/produkt\/historical-medieval-viking-helmet-battle-armour\/","og_locale":"cs_CZ","og_type":"article","og_title":"Historical Medieval Viking Helmet Battle Armour - Schijnvliegveld De Kiek","og_description":"Lorem ipsum dolor sit amet, consectetuer adipiscing elit, sed diam nonummy nibh euismod tincidunt ut laoreet dolore magna aliquam erat volutpat. Ut wisi enim ad minim veniam, quis nostrud exerci tation ullamcorper suscipit lobortis nisl ut aliquip ex ea commodo consequat. Duis autem vel eum iriure dolor in hendrerit in vulputate velit esse molestie consequat, vel illum dolore eu feugiat nulla facilisis at vero eros et accumsan et iusto odio dignissim.","og_url":"https:\/\/schijnvliegvelddekiek.nl\/cs\/produkt\/historical-medieval-viking-helmet-battle-armour\/","og_site_name":"Schijnvliegveld De Kiek","article_modified_time":"2018-04-11T10:57:10+00:00","og_image":[{"width":1600,"height":1600,"url":"https:\/\/schijnvliegvelddekiek.nl\/wp-content\/uploads\/2018\/01\/product-8-copyright.jpg","type":"image\/jpeg"}],"twitter_card":"summary_large_image","twitter_misc":{"Odhadovan\u00e1 doba \u010dten\u00ed":"1 minuta"},"schema":{"@context":"https:\/\/schema.org","@graph":[{"@type":"WebPage","@id":"https:\/\/schijnvliegvelddekiek.nl\/en\/product\/historical-medieval-viking-helmet-battle-armour\/","url":"https:\/\/schijnvliegvelddekiek.nl\/en\/product\/historical-medieval-viking-helmet-battle-armour\/","name":"Historical Medieval Viking Helmet Battle Armour - Schijnvliegveld De Kiek","isPartOf":{"@id":"https:\/\/schijnvliegvelddekiek.nl\/#website"},"primaryImageOfPage":{"@id":"https:\/\/schijnvliegvelddekiek.nl\/en\/product\/historical-medieval-viking-helmet-battle-armour\/#primaryimage"},"image":{"@id":"https:\/\/schijnvliegvelddekiek.nl\/en\/product\/historical-medieval-viking-helmet-battle-armour\/#primaryimage"},"thumbnailUrl":"https:\/\/schijnvliegvelddekiek.nl\/wp-content\/uploads\/2018\/01\/product-8-copyright.jpg","datePublished":"2018-01-25T15:16:25+00:00","dateModified":"2018-04-11T10:57:10+00:00","breadcrumb":{"@id":"https:\/\/schijnvliegvelddekiek.nl\/en\/product\/historical-medieval-viking-helmet-battle-armour\/#breadcrumb"},"inLanguage":"cs","potentialAction":[{"@type":"ReadAction","target":["https:\/\/schijnvliegvelddekiek.nl\/en\/product\/historical-medieval-viking-helmet-battle-armour\/"]}]},{"@type":"ImageObject","inLanguage":"cs","@id":"https:\/\/schijnvliegvelddekiek.nl\/en\/product\/historical-medieval-viking-helmet-battle-armour\/#primaryimage","url":"https:\/\/schijnvliegvelddekiek.nl\/wp-content\/uploads\/2018\/01\/product-8-copyright.jpg","contentUrl":"https:\/\/schijnvliegvelddekiek.nl\/wp-content\/uploads\/2018\/01\/product-8-copyright.jpg","width":1600,"height":1600},{"@type":"BreadcrumbList","@id":"https:\/\/schijnvliegvelddekiek.nl\/en\/product\/historical-medieval-viking-helmet-battle-armour\/#breadcrumb","itemListElement":[{"@type":"ListItem","position":1,"name":"Home","item":"https:\/\/schijnvliegvelddekiek.nl\/"},{"@type":"ListItem","position":2,"name":"Producten","item":"https:\/\/schijnvliegvelddekiek.nl\/shop\/"},{"@type":"ListItem","position":3,"name":"Historical Medieval Viking Helmet Battle Armour"}]},{"@type":"WebSite","@id":"https:\/\/schijnvliegvelddekiek.nl\/#website","url":"https:\/\/schijnvliegvelddekiek.nl\/","name":"Fale\u0161n\u00e9 leti\u0161t\u011b De Kiek","description":"","publisher":{"@id":"https:\/\/schijnvliegvelddekiek.nl\/#organization"},"potentialAction":[{"@type":"SearchAction","target":{"@type":"EntryPoint","urlTemplate":"https:\/\/schijnvliegvelddekiek.nl\/?s={search_term_string}"},"query-input":{"@type":"PropertyValueSpecification","valueRequired":true,"valueName":"search_term_string"}}],"inLanguage":"cs"},{"@type":"Organization","@id":"https:\/\/schijnvliegvelddekiek.nl\/#organization","name":"Fale\u0161n\u00e9 leti\u0161t\u011b De Kiek","url":"https:\/\/schijnvliegvelddekiek.nl\/","logo":{"@type":"ImageObject","inLanguage":"cs","@id":"https:\/\/schijnvliegvelddekiek.nl\/#\/schema\/logo\/image\/","url":"https:\/\/schijnvliegvelddekiek.nl\/wp-content\/uploads\/2022\/02\/logo-schijnvliegveld.png","contentUrl":"https:\/\/schijnvliegvelddekiek.nl\/wp-content\/uploads\/2022\/02\/logo-schijnvliegveld.png","width":1800,"height":1800,"caption":"Schijnvliegveld De Kiek"},"image":{"@id":"https:\/\/schijnvliegvelddekiek.nl\/#\/schema\/logo\/image\/"}}]}},"_links":{"self":[{"href":"https:\/\/schijnvliegvelddekiek.nl\/cs\/wp-json\/wp\/v2\/product\/232","targetHints":{"allow":["GET"]}}],"collection":[{"href":"https:\/\/schijnvliegvelddekiek.nl\/cs\/wp-json\/wp\/v2\/product"}],"about":[{"href":"https:\/\/schijnvliegvelddekiek.nl\/cs\/wp-json\/wp\/v2\/types\/product"}],"replies":[{"embeddable":true,"href":"https:\/\/schijnvliegvelddekiek.nl\/cs\/wp-json\/wp\/v2\/comments?post=232"}],"wp:featuredmedia":[{"embeddable":true,"href":"https:\/\/schijnvliegvelddekiek.nl\/cs\/wp-json\/wp\/v2\/media\/204"}],"wp:attachment":[{"href":"https:\/\/schijnvliegvelddekiek.nl\/cs\/wp-json\/wp\/v2\/media?parent=232"}],"wp:term":[{"taxonomy":"product_brand","embeddable":true,"href":"https:\/\/schijnvliegvelddekiek.nl\/cs\/wp-json\/wp\/v2\/product_brand?post=232"},{"taxonomy":"product_cat","embeddable":true,"href":"https:\/\/schijnvliegvelddekiek.nl\/cs\/wp-json\/wp\/v2\/product_cat?post=232"},{"taxonomy":"product_tag","embeddable":true,"href":"https:\/\/schijnvliegvelddekiek.nl\/cs\/wp-json\/wp\/v2\/product_tag?post=232"}],"curies":[{"name":"wp","href":"https:\/\/api.w.org\/{rel}","templated":true}]}}