{"id":228,"date":"2018-01-25T15:14:26","date_gmt":"2018-01-25T15:14:26","guid":{"rendered":"https:\/\/verhuursarah.nl\/?post_type=product&#038;p=228"},"modified":"2018-04-11T11:18:31","modified_gmt":"2018-04-11T11:18:31","slug":"jacobite-linen-ghillie-shirt-black","status":"publish","type":"product","link":"https:\/\/schijnvliegvelddekiek.nl\/de\/produkt\/jacobite-linen-ghillie-shirt-black\/","title":{"rendered":"Jacobite Leinen-Ghillie-Hemd \u2013 Schwarz"},"content":{"rendered":"<p>Lorem ipsum dolor sit amet, consectetuer adipiscing elit, sed diam nonummy nibh euismod tincidunt ut laoreet dolore magna aliquam erat volutpat. Aber wir wissen nicht, dass wir uns auf ein Mindestma\u00df beschr\u00e4nken m\u00fcssen, denn unser K\u00f6rper wird nicht von einer Kommode betroffen sein. Zweimal und jedes Mal schmerzt sie in der Vulputation und wird dadurch bel\u00e4stigt, und die Heilige Schrift wird nicht leichtfertig vernichtet, w\u00e4hrend sie erodiert und angeklagt wird, und die wahre W\u00fcrde, die sie blandit praesent luptatum zzril hat, hat sich immer mehr gelohnt, als sie nicht leicht gemacht wurde. Ohne Einsicht, und der allumfassende Naturfehler wolle ich mit der Anschuldigung dolores loben, aber ich werde immer noch darauf achten, dass ich ein wahrer Erfinder und quasi ein Architekt bin, der seinen Lebenslauf so erkl\u00e4rt, erkl\u00e4rt. nemo andim ipsam voluptatem.<\/p>","protected":false},"excerpt":{"rendered":"<p>Lorem ipsum dolor sit amet, consectetuer adipiscing elit, sed diam nonummy nibh euismod tincidunt ut laoreet dolore magna aliquam erat volutpat. Wir wissen nur, dass wir uns auf ein Mindestma\u00df beschr\u00e4nken m\u00fcssen, denn unser K\u00f6rper wird nicht von einer Kommode betroffen sein. Auch wenn die Schmerzen in der Vulputation so gro\u00df sind, dass sie nicht bel\u00e4stigt werden, wird die Verw\u00fcstung des Kindes zunichte gemacht, ohne dass die Eros, die Anschuldigungen und das Recht auf W\u00fcrde verloren gehen.<\/p>","protected":false},"featured_media":203,"comment_status":"open","ping_status":"closed","template":"","meta":[],"product_brand":[],"product_cat":[36],"product_tag":[43,44,41],"class_list":{"0":"post-228","1":"product","2":"type-product","3":"status-publish","4":"has-post-thumbnail","6":"product_cat-shirts","7":"product_tag-carnival","8":"product_tag-fight","9":"product_tag-medieval","11":"first","12":"instock","13":"shipping-taxable","14":"purchasable","15":"product-type-variable"},"yoast_head":"<!-- This site is optimized with the Yoast SEO plugin v27.0 - https:\/\/yoast.com\/product\/yoast-seo-wordpress\/ -->\n<title>Jacobite Linen Ghillie Shirt - Black - Schijnvliegveld De Kiek<\/title>\n<meta name=\"robots\" content=\"index, follow, max-snippet:-1, max-image-preview:large, max-video-preview:-1\" \/>\n<link rel=\"canonical\" href=\"https:\/\/schijnvliegvelddekiek.nl\/de\/produit\/jacobite-linen-ghillie-shirt-black\/\" \/>\n<meta property=\"og:locale\" content=\"de_DE\" \/>\n<meta property=\"og:type\" content=\"article\" \/>\n<meta property=\"og:title\" content=\"Jacobite Linen Ghillie Shirt - Black - Schijnvliegveld De Kiek\" \/>\n<meta property=\"og:description\" content=\"Lorem ipsum dolor sit amet, consectetuer adipiscing elit, sed diam nonummy nibh euismod tincidunt ut laoreet dolore magna aliquam erat volutpat. Ut wisi enim ad minim veniam, quis nostrud exerci tation ullamcorper suscipit lobortis nisl ut aliquip ex ea commodo consequat. Duis autem vel eum iriure dolor in hendrerit in vulputate velit esse molestie consequat, vel illum dolore eu feugiat nulla facilisis at vero eros et accumsan et iusto odio dignissim.\" \/>\n<meta property=\"og:url\" content=\"https:\/\/schijnvliegvelddekiek.nl\/de\/produit\/jacobite-linen-ghillie-shirt-black\/\" \/>\n<meta property=\"og:site_name\" content=\"Schijnvliegveld De Kiek\" \/>\n<meta property=\"article:modified_time\" content=\"2018-04-11T11:18:31+00:00\" \/>\n<meta property=\"og:image\" content=\"https:\/\/schijnvliegvelddekiek.nl\/wp-content\/uploads\/2018\/01\/product-7-copyright.jpg\" \/>\n\t<meta property=\"og:image:width\" content=\"1200\" \/>\n\t<meta property=\"og:image:height\" content=\"1200\" \/>\n\t<meta property=\"og:image:type\" content=\"image\/jpeg\" \/>\n<meta name=\"twitter:card\" content=\"summary_large_image\" \/>\n<meta name=\"twitter:label1\" content=\"Gesch\u00e4tzte Lesezeit\" \/>\n\t<meta name=\"twitter:data1\" content=\"1\u00a0Minute\" \/>\n<script type=\"application\/ld+json\" class=\"yoast-schema-graph\">{\"@context\":\"https:\/\/schema.org\",\"@graph\":[{\"@type\":\"WebPage\",\"@id\":\"https:\/\/schijnvliegvelddekiek.nl\/fr\/produit\/jacobite-linen-ghillie-shirt-black\/\",\"url\":\"https:\/\/schijnvliegvelddekiek.nl\/fr\/produit\/jacobite-linen-ghillie-shirt-black\/\",\"name\":\"Jacobite Linen Ghillie Shirt - Black - Schijnvliegveld De Kiek\",\"isPartOf\":{\"@id\":\"https:\/\/schijnvliegvelddekiek.nl\/#website\"},\"primaryImageOfPage\":{\"@id\":\"https:\/\/schijnvliegvelddekiek.nl\/fr\/produit\/jacobite-linen-ghillie-shirt-black\/#primaryimage\"},\"image\":{\"@id\":\"https:\/\/schijnvliegvelddekiek.nl\/fr\/produit\/jacobite-linen-ghillie-shirt-black\/#primaryimage\"},\"thumbnailUrl\":\"https:\/\/schijnvliegvelddekiek.nl\/wp-content\/uploads\/2018\/01\/product-7-copyright.jpg\",\"datePublished\":\"2018-01-25T15:14:26+00:00\",\"dateModified\":\"2018-04-11T11:18:31+00:00\",\"breadcrumb\":{\"@id\":\"https:\/\/schijnvliegvelddekiek.nl\/fr\/produit\/jacobite-linen-ghillie-shirt-black\/#breadcrumb\"},\"inLanguage\":\"de\",\"potentialAction\":[{\"@type\":\"ReadAction\",\"target\":[\"https:\/\/schijnvliegvelddekiek.nl\/fr\/produit\/jacobite-linen-ghillie-shirt-black\/\"]}]},{\"@type\":\"ImageObject\",\"inLanguage\":\"de\",\"@id\":\"https:\/\/schijnvliegvelddekiek.nl\/fr\/produit\/jacobite-linen-ghillie-shirt-black\/#primaryimage\",\"url\":\"https:\/\/schijnvliegvelddekiek.nl\/wp-content\/uploads\/2018\/01\/product-7-copyright.jpg\",\"contentUrl\":\"https:\/\/schijnvliegvelddekiek.nl\/wp-content\/uploads\/2018\/01\/product-7-copyright.jpg\",\"width\":1200,\"height\":1200},{\"@type\":\"BreadcrumbList\",\"@id\":\"https:\/\/schijnvliegvelddekiek.nl\/fr\/produit\/jacobite-linen-ghillie-shirt-black\/#breadcrumb\",\"itemListElement\":[{\"@type\":\"ListItem\",\"position\":1,\"name\":\"Home\",\"item\":\"https:\/\/schijnvliegvelddekiek.nl\/\"},{\"@type\":\"ListItem\",\"position\":2,\"name\":\"Producten\",\"item\":\"https:\/\/schijnvliegvelddekiek.nl\/shop\/\"},{\"@type\":\"ListItem\",\"position\":3,\"name\":\"Jacobite Linen Ghillie Shirt &#8211; Black\"}]},{\"@type\":\"WebSite\",\"@id\":\"https:\/\/schijnvliegvelddekiek.nl\/#website\",\"url\":\"https:\/\/schijnvliegvelddekiek.nl\/\",\"name\":\"Schijnvliegveld De Kiek\",\"description\":\"\",\"publisher\":{\"@id\":\"https:\/\/schijnvliegvelddekiek.nl\/#organization\"},\"potentialAction\":[{\"@type\":\"SearchAction\",\"target\":{\"@type\":\"EntryPoint\",\"urlTemplate\":\"https:\/\/schijnvliegvelddekiek.nl\/?s={search_term_string}\"},\"query-input\":{\"@type\":\"PropertyValueSpecification\",\"valueRequired\":true,\"valueName\":\"search_term_string\"}}],\"inLanguage\":\"de\"},{\"@type\":\"Organization\",\"@id\":\"https:\/\/schijnvliegvelddekiek.nl\/#organization\",\"name\":\"Schijnvliegveld De Kiek\",\"url\":\"https:\/\/schijnvliegvelddekiek.nl\/\",\"logo\":{\"@type\":\"ImageObject\",\"inLanguage\":\"de\",\"@id\":\"https:\/\/schijnvliegvelddekiek.nl\/#\/schema\/logo\/image\/\",\"url\":\"https:\/\/schijnvliegvelddekiek.nl\/wp-content\/uploads\/2022\/02\/logo-schijnvliegveld.png\",\"contentUrl\":\"https:\/\/schijnvliegvelddekiek.nl\/wp-content\/uploads\/2022\/02\/logo-schijnvliegveld.png\",\"width\":1800,\"height\":1800,\"caption\":\"Schijnvliegveld De Kiek\"},\"image\":{\"@id\":\"https:\/\/schijnvliegvelddekiek.nl\/#\/schema\/logo\/image\/\"}}]}<\/script>\n<!-- \/ Yoast SEO plugin. -->","yoast_head_json":{"title":"Jacobite Linen Ghillie Shirt - Black - Schijnvliegveld De Kiek","robots":{"index":"index","follow":"follow","max-snippet":"max-snippet:-1","max-image-preview":"max-image-preview:large","max-video-preview":"max-video-preview:-1"},"canonical":"https:\/\/schijnvliegvelddekiek.nl\/de\/produit\/jacobite-linen-ghillie-shirt-black\/","og_locale":"de_DE","og_type":"article","og_title":"Jacobite Linen Ghillie Shirt - Black - Schijnvliegveld De Kiek","og_description":"Lorem ipsum dolor sit amet, consectetuer adipiscing elit, sed diam nonummy nibh euismod tincidunt ut laoreet dolore magna aliquam erat volutpat. Ut wisi enim ad minim veniam, quis nostrud exerci tation ullamcorper suscipit lobortis nisl ut aliquip ex ea commodo consequat. Duis autem vel eum iriure dolor in hendrerit in vulputate velit esse molestie consequat, vel illum dolore eu feugiat nulla facilisis at vero eros et accumsan et iusto odio dignissim.","og_url":"https:\/\/schijnvliegvelddekiek.nl\/de\/produit\/jacobite-linen-ghillie-shirt-black\/","og_site_name":"Schijnvliegveld De Kiek","article_modified_time":"2018-04-11T11:18:31+00:00","og_image":[{"width":1200,"height":1200,"url":"https:\/\/schijnvliegvelddekiek.nl\/wp-content\/uploads\/2018\/01\/product-7-copyright.jpg","type":"image\/jpeg"}],"twitter_card":"summary_large_image","twitter_misc":{"Gesch\u00e4tzte Lesezeit":"1\u00a0Minute"},"schema":{"@context":"https:\/\/schema.org","@graph":[{"@type":"WebPage","@id":"https:\/\/schijnvliegvelddekiek.nl\/fr\/produit\/jacobite-linen-ghillie-shirt-black\/","url":"https:\/\/schijnvliegvelddekiek.nl\/fr\/produit\/jacobite-linen-ghillie-shirt-black\/","name":"Jacobite Linen Ghillie Shirt - Black - Schijnvliegveld De Kiek","isPartOf":{"@id":"https:\/\/schijnvliegvelddekiek.nl\/#website"},"primaryImageOfPage":{"@id":"https:\/\/schijnvliegvelddekiek.nl\/fr\/produit\/jacobite-linen-ghillie-shirt-black\/#primaryimage"},"image":{"@id":"https:\/\/schijnvliegvelddekiek.nl\/fr\/produit\/jacobite-linen-ghillie-shirt-black\/#primaryimage"},"thumbnailUrl":"https:\/\/schijnvliegvelddekiek.nl\/wp-content\/uploads\/2018\/01\/product-7-copyright.jpg","datePublished":"2018-01-25T15:14:26+00:00","dateModified":"2018-04-11T11:18:31+00:00","breadcrumb":{"@id":"https:\/\/schijnvliegvelddekiek.nl\/fr\/produit\/jacobite-linen-ghillie-shirt-black\/#breadcrumb"},"inLanguage":"de","potentialAction":[{"@type":"ReadAction","target":["https:\/\/schijnvliegvelddekiek.nl\/fr\/produit\/jacobite-linen-ghillie-shirt-black\/"]}]},{"@type":"ImageObject","inLanguage":"de","@id":"https:\/\/schijnvliegvelddekiek.nl\/fr\/produit\/jacobite-linen-ghillie-shirt-black\/#primaryimage","url":"https:\/\/schijnvliegvelddekiek.nl\/wp-content\/uploads\/2018\/01\/product-7-copyright.jpg","contentUrl":"https:\/\/schijnvliegvelddekiek.nl\/wp-content\/uploads\/2018\/01\/product-7-copyright.jpg","width":1200,"height":1200},{"@type":"BreadcrumbList","@id":"https:\/\/schijnvliegvelddekiek.nl\/fr\/produit\/jacobite-linen-ghillie-shirt-black\/#breadcrumb","itemListElement":[{"@type":"ListItem","position":1,"name":"Home","item":"https:\/\/schijnvliegvelddekiek.nl\/"},{"@type":"ListItem","position":2,"name":"Producten","item":"https:\/\/schijnvliegvelddekiek.nl\/shop\/"},{"@type":"ListItem","position":3,"name":"Jacobite Linen Ghillie Shirt &#8211; Black"}]},{"@type":"WebSite","@id":"https:\/\/schijnvliegvelddekiek.nl\/#website","url":"https:\/\/schijnvliegvelddekiek.nl\/","name":"Scheinflughafen De Kiek","description":"","publisher":{"@id":"https:\/\/schijnvliegvelddekiek.nl\/#organization"},"potentialAction":[{"@type":"SearchAction","target":{"@type":"EntryPoint","urlTemplate":"https:\/\/schijnvliegvelddekiek.nl\/?s={search_term_string}"},"query-input":{"@type":"PropertyValueSpecification","valueRequired":true,"valueName":"search_term_string"}}],"inLanguage":"de"},{"@type":"Organization","@id":"https:\/\/schijnvliegvelddekiek.nl\/#organization","name":"Scheinflughafen De Kiek","url":"https:\/\/schijnvliegvelddekiek.nl\/","logo":{"@type":"ImageObject","inLanguage":"de","@id":"https:\/\/schijnvliegvelddekiek.nl\/#\/schema\/logo\/image\/","url":"https:\/\/schijnvliegvelddekiek.nl\/wp-content\/uploads\/2022\/02\/logo-schijnvliegveld.png","contentUrl":"https:\/\/schijnvliegvelddekiek.nl\/wp-content\/uploads\/2022\/02\/logo-schijnvliegveld.png","width":1800,"height":1800,"caption":"Schijnvliegveld De Kiek"},"image":{"@id":"https:\/\/schijnvliegvelddekiek.nl\/#\/schema\/logo\/image\/"}}]}},"_links":{"self":[{"href":"https:\/\/schijnvliegvelddekiek.nl\/de\/wp-json\/wp\/v2\/product\/228","targetHints":{"allow":["GET"]}}],"collection":[{"href":"https:\/\/schijnvliegvelddekiek.nl\/de\/wp-json\/wp\/v2\/product"}],"about":[{"href":"https:\/\/schijnvliegvelddekiek.nl\/de\/wp-json\/wp\/v2\/types\/product"}],"replies":[{"embeddable":true,"href":"https:\/\/schijnvliegvelddekiek.nl\/de\/wp-json\/wp\/v2\/comments?post=228"}],"wp:featuredmedia":[{"embeddable":true,"href":"https:\/\/schijnvliegvelddekiek.nl\/de\/wp-json\/wp\/v2\/media\/203"}],"wp:attachment":[{"href":"https:\/\/schijnvliegvelddekiek.nl\/de\/wp-json\/wp\/v2\/media?parent=228"}],"wp:term":[{"taxonomy":"product_brand","embeddable":true,"href":"https:\/\/schijnvliegvelddekiek.nl\/de\/wp-json\/wp\/v2\/product_brand?post=228"},{"taxonomy":"product_cat","embeddable":true,"href":"https:\/\/schijnvliegvelddekiek.nl\/de\/wp-json\/wp\/v2\/product_cat?post=228"},{"taxonomy":"product_tag","embeddable":true,"href":"https:\/\/schijnvliegvelddekiek.nl\/de\/wp-json\/wp\/v2\/product_tag?post=228"}],"curies":[{"name":"wp","href":"https:\/\/api.w.org\/{rel}","templated":true}]}}