{"id":224,"date":"2018-01-25T15:11:20","date_gmt":"2018-01-25T15:11:20","guid":{"rendered":"https:\/\/verhuursarah.nl\/?post_type=product&#038;p=224"},"modified":"2018-01-25T15:23:32","modified_gmt":"2018-01-25T15:23:32","slug":"knight-gauntlet-functional-steel-armor-glove","status":"publish","type":"product","link":"https:\/\/schijnvliegvelddekiek.nl\/tr\/urun\/knight-gauntlet-functional-steel-armor-glove\/","title":{"rendered":"\u015e\u00f6valye Eldiveni Fonksiyonel \u00c7elik Z\u0131rh Eldiveni"},"content":{"rendered":"<p>Lorem ipsum dolor sit amet, conectetuer adipiscing elit, sed diam nonummy nibh euismod tincidunt ut laoreet dolore magna aliquam Erat volutpat. Enim ve minimum d\u00fczeyde olsa da, bu egzersizin her t\u00fcrl\u00fc sonucuyla birlikte yap\u0131lmas\u0131 gereken bir \u015fey yok. Duis autem vel eum iriure dolor in vulputate velit esse molestie consequat, vel illum dolore eu feugiat nulla facilisis at vero eros et accumsan et iusto odio dignissim qui m\u00fclayim praesent luptatum zzril Deelit augue duis dolore te feugait nullacilisi. \u00c7ok \u00f6zel bir anlay\u0131\u015fla, \u00e7ok say\u0131da do\u011fal hata, tam bir ger\u00e7ekli\u011fe dayal\u0131 olarak, tam bir ipsa, ger\u00e7ek bir ke\u015fif verisi ve neredeyse g\u00fczel bir hayat tarz\u0131, a\u00e7\u0131k bir mimariye sahip. nemo andim ipsam voluptatem.<\/p>","protected":false},"excerpt":{"rendered":"<p>Lorem ipsum dolor sit amet, conectetuer adipiscing elit, sed diam nonummy nibh euismod tincidunt ut laoreet dolore magna aliquam Erat volutpat. Enim ve minimum d\u00fczeyde olsa da, bu egzersizin her t\u00fcrl\u00fc sonucuyla birlikte yap\u0131lmas\u0131 gereken bir \u015fey yok. Duis autem vel eum iriure dolor in hendrerit in vulputate velit esse molestie consequat, vel illum dolore eu feugiat nulla facilisis at vero eros et accumsan et iusto odio dignissim.<\/p>","protected":false},"featured_media":202,"comment_status":"open","ping_status":"closed","template":"","meta":[],"product_brand":[],"product_cat":[37],"product_tag":[42,40,41],"class_list":{"0":"post-224","1":"product","2":"type-product","3":"status-publish","4":"has-post-thumbnail","6":"product_cat-gloves","7":"product_tag-armour","8":"product_tag-clothing","9":"product_tag-medieval","11":"first","12":"instock","13":"shipping-taxable","14":"purchasable","15":"product-type-variable"},"yoast_head":"<!-- This site is optimized with the Yoast SEO plugin v27.0 - https:\/\/yoast.com\/product\/yoast-seo-wordpress\/ -->\n<title>Knight Gauntlet Functional Steel Armor Glove - Schijnvliegveld De Kiek<\/title>\n<meta name=\"robots\" content=\"index, follow, max-snippet:-1, max-image-preview:large, max-video-preview:-1\" \/>\n<link rel=\"canonical\" href=\"https:\/\/schijnvliegvelddekiek.nl\/tr\/produit\/knight-gauntlet-functional-steel-armor-glove\/\" \/>\n<meta property=\"og:locale\" content=\"tr_TR\" \/>\n<meta property=\"og:type\" content=\"article\" \/>\n<meta property=\"og:title\" content=\"Knight Gauntlet Functional Steel Armor Glove - Schijnvliegveld De Kiek\" \/>\n<meta property=\"og:description\" content=\"Lorem ipsum dolor sit amet, consectetuer adipiscing elit, sed diam nonummy nibh euismod tincidunt ut laoreet dolore magna aliquam erat volutpat. Ut wisi enim ad minim veniam, quis nostrud exerci tation ullamcorper suscipit lobortis nisl ut aliquip ex ea commodo consequat. Duis autem vel eum iriure dolor in hendrerit in vulputate velit esse molestie consequat, vel illum dolore eu feugiat nulla facilisis at vero eros et accumsan et iusto odio dignissim.\" \/>\n<meta property=\"og:url\" content=\"https:\/\/schijnvliegvelddekiek.nl\/tr\/produit\/knight-gauntlet-functional-steel-armor-glove\/\" \/>\n<meta property=\"og:site_name\" content=\"Schijnvliegveld De Kiek\" \/>\n<meta property=\"article:modified_time\" content=\"2018-01-25T15:23:32+00:00\" \/>\n<meta property=\"og:image\" content=\"https:\/\/schijnvliegvelddekiek.nl\/wp-content\/uploads\/2018\/01\/product-6-copyright.jpg\" \/>\n\t<meta property=\"og:image:width\" content=\"700\" \/>\n\t<meta property=\"og:image:height\" content=\"700\" \/>\n\t<meta property=\"og:image:type\" content=\"image\/jpeg\" \/>\n<meta name=\"twitter:card\" content=\"summary_large_image\" \/>\n<meta name=\"twitter:label1\" content=\"Tahmini okuma s\u00fcresi\" \/>\n\t<meta name=\"twitter:data1\" content=\"1 dakika\" \/>\n<script type=\"application\/ld+json\" class=\"yoast-schema-graph\">{\"@context\":\"https:\/\/schema.org\",\"@graph\":[{\"@type\":\"WebPage\",\"@id\":\"https:\/\/schijnvliegvelddekiek.nl\/fr\/produit\/knight-gauntlet-functional-steel-armor-glove\/\",\"url\":\"https:\/\/schijnvliegvelddekiek.nl\/fr\/produit\/knight-gauntlet-functional-steel-armor-glove\/\",\"name\":\"Knight Gauntlet Functional Steel Armor Glove - Schijnvliegveld De Kiek\",\"isPartOf\":{\"@id\":\"https:\/\/schijnvliegvelddekiek.nl\/#website\"},\"primaryImageOfPage\":{\"@id\":\"https:\/\/schijnvliegvelddekiek.nl\/fr\/produit\/knight-gauntlet-functional-steel-armor-glove\/#primaryimage\"},\"image\":{\"@id\":\"https:\/\/schijnvliegvelddekiek.nl\/fr\/produit\/knight-gauntlet-functional-steel-armor-glove\/#primaryimage\"},\"thumbnailUrl\":\"https:\/\/schijnvliegvelddekiek.nl\/wp-content\/uploads\/2018\/01\/product-6-copyright.jpg\",\"datePublished\":\"2018-01-25T15:11:20+00:00\",\"dateModified\":\"2018-01-25T15:23:32+00:00\",\"breadcrumb\":{\"@id\":\"https:\/\/schijnvliegvelddekiek.nl\/fr\/produit\/knight-gauntlet-functional-steel-armor-glove\/#breadcrumb\"},\"inLanguage\":\"tr\",\"potentialAction\":[{\"@type\":\"ReadAction\",\"target\":[\"https:\/\/schijnvliegvelddekiek.nl\/fr\/produit\/knight-gauntlet-functional-steel-armor-glove\/\"]}]},{\"@type\":\"ImageObject\",\"inLanguage\":\"tr\",\"@id\":\"https:\/\/schijnvliegvelddekiek.nl\/fr\/produit\/knight-gauntlet-functional-steel-armor-glove\/#primaryimage\",\"url\":\"https:\/\/schijnvliegvelddekiek.nl\/wp-content\/uploads\/2018\/01\/product-6-copyright.jpg\",\"contentUrl\":\"https:\/\/schijnvliegvelddekiek.nl\/wp-content\/uploads\/2018\/01\/product-6-copyright.jpg\",\"width\":700,\"height\":700},{\"@type\":\"BreadcrumbList\",\"@id\":\"https:\/\/schijnvliegvelddekiek.nl\/fr\/produit\/knight-gauntlet-functional-steel-armor-glove\/#breadcrumb\",\"itemListElement\":[{\"@type\":\"ListItem\",\"position\":1,\"name\":\"Home\",\"item\":\"https:\/\/schijnvliegvelddekiek.nl\/\"},{\"@type\":\"ListItem\",\"position\":2,\"name\":\"Producten\",\"item\":\"https:\/\/schijnvliegvelddekiek.nl\/shop\/\"},{\"@type\":\"ListItem\",\"position\":3,\"name\":\"Knight Gauntlet Functional Steel Armor Glove\"}]},{\"@type\":\"WebSite\",\"@id\":\"https:\/\/schijnvliegvelddekiek.nl\/#website\",\"url\":\"https:\/\/schijnvliegvelddekiek.nl\/\",\"name\":\"Schijnvliegveld De Kiek\",\"description\":\"\",\"publisher\":{\"@id\":\"https:\/\/schijnvliegvelddekiek.nl\/#organization\"},\"potentialAction\":[{\"@type\":\"SearchAction\",\"target\":{\"@type\":\"EntryPoint\",\"urlTemplate\":\"https:\/\/schijnvliegvelddekiek.nl\/?s={search_term_string}\"},\"query-input\":{\"@type\":\"PropertyValueSpecification\",\"valueRequired\":true,\"valueName\":\"search_term_string\"}}],\"inLanguage\":\"tr\"},{\"@type\":\"Organization\",\"@id\":\"https:\/\/schijnvliegvelddekiek.nl\/#organization\",\"name\":\"Schijnvliegveld De Kiek\",\"url\":\"https:\/\/schijnvliegvelddekiek.nl\/\",\"logo\":{\"@type\":\"ImageObject\",\"inLanguage\":\"tr\",\"@id\":\"https:\/\/schijnvliegvelddekiek.nl\/#\/schema\/logo\/image\/\",\"url\":\"https:\/\/schijnvliegvelddekiek.nl\/wp-content\/uploads\/2022\/02\/logo-schijnvliegveld.png\",\"contentUrl\":\"https:\/\/schijnvliegvelddekiek.nl\/wp-content\/uploads\/2022\/02\/logo-schijnvliegveld.png\",\"width\":1800,\"height\":1800,\"caption\":\"Schijnvliegveld De Kiek\"},\"image\":{\"@id\":\"https:\/\/schijnvliegvelddekiek.nl\/#\/schema\/logo\/image\/\"}}]}<\/script>\n<!-- \/ Yoast SEO plugin. -->","yoast_head_json":{"title":"Knight Gauntlet Functional Steel Armor Glove - Schijnvliegveld De Kiek","robots":{"index":"index","follow":"follow","max-snippet":"max-snippet:-1","max-image-preview":"max-image-preview:large","max-video-preview":"max-video-preview:-1"},"canonical":"https:\/\/schijnvliegvelddekiek.nl\/tr\/produit\/knight-gauntlet-functional-steel-armor-glove\/","og_locale":"tr_TR","og_type":"article","og_title":"Knight Gauntlet Functional Steel Armor Glove - Schijnvliegveld De Kiek","og_description":"Lorem ipsum dolor sit amet, consectetuer adipiscing elit, sed diam nonummy nibh euismod tincidunt ut laoreet dolore magna aliquam erat volutpat. Ut wisi enim ad minim veniam, quis nostrud exerci tation ullamcorper suscipit lobortis nisl ut aliquip ex ea commodo consequat. Duis autem vel eum iriure dolor in hendrerit in vulputate velit esse molestie consequat, vel illum dolore eu feugiat nulla facilisis at vero eros et accumsan et iusto odio dignissim.","og_url":"https:\/\/schijnvliegvelddekiek.nl\/tr\/produit\/knight-gauntlet-functional-steel-armor-glove\/","og_site_name":"Schijnvliegveld De Kiek","article_modified_time":"2018-01-25T15:23:32+00:00","og_image":[{"width":700,"height":700,"url":"https:\/\/schijnvliegvelddekiek.nl\/wp-content\/uploads\/2018\/01\/product-6-copyright.jpg","type":"image\/jpeg"}],"twitter_card":"summary_large_image","twitter_misc":{"Tahmini okuma s\u00fcresi":"1 dakika"},"schema":{"@context":"https:\/\/schema.org","@graph":[{"@type":"WebPage","@id":"https:\/\/schijnvliegvelddekiek.nl\/fr\/produit\/knight-gauntlet-functional-steel-armor-glove\/","url":"https:\/\/schijnvliegvelddekiek.nl\/fr\/produit\/knight-gauntlet-functional-steel-armor-glove\/","name":"Knight Gauntlet Functional Steel Armor Glove - Schijnvliegveld De Kiek","isPartOf":{"@id":"https:\/\/schijnvliegvelddekiek.nl\/#website"},"primaryImageOfPage":{"@id":"https:\/\/schijnvliegvelddekiek.nl\/fr\/produit\/knight-gauntlet-functional-steel-armor-glove\/#primaryimage"},"image":{"@id":"https:\/\/schijnvliegvelddekiek.nl\/fr\/produit\/knight-gauntlet-functional-steel-armor-glove\/#primaryimage"},"thumbnailUrl":"https:\/\/schijnvliegvelddekiek.nl\/wp-content\/uploads\/2018\/01\/product-6-copyright.jpg","datePublished":"2018-01-25T15:11:20+00:00","dateModified":"2018-01-25T15:23:32+00:00","breadcrumb":{"@id":"https:\/\/schijnvliegvelddekiek.nl\/fr\/produit\/knight-gauntlet-functional-steel-armor-glove\/#breadcrumb"},"inLanguage":"tr","potentialAction":[{"@type":"ReadAction","target":["https:\/\/schijnvliegvelddekiek.nl\/fr\/produit\/knight-gauntlet-functional-steel-armor-glove\/"]}]},{"@type":"ImageObject","inLanguage":"tr","@id":"https:\/\/schijnvliegvelddekiek.nl\/fr\/produit\/knight-gauntlet-functional-steel-armor-glove\/#primaryimage","url":"https:\/\/schijnvliegvelddekiek.nl\/wp-content\/uploads\/2018\/01\/product-6-copyright.jpg","contentUrl":"https:\/\/schijnvliegvelddekiek.nl\/wp-content\/uploads\/2018\/01\/product-6-copyright.jpg","width":700,"height":700},{"@type":"BreadcrumbList","@id":"https:\/\/schijnvliegvelddekiek.nl\/fr\/produit\/knight-gauntlet-functional-steel-armor-glove\/#breadcrumb","itemListElement":[{"@type":"ListItem","position":1,"name":"Home","item":"https:\/\/schijnvliegvelddekiek.nl\/"},{"@type":"ListItem","position":2,"name":"Producten","item":"https:\/\/schijnvliegvelddekiek.nl\/shop\/"},{"@type":"ListItem","position":3,"name":"Knight Gauntlet Functional Steel Armor Glove"}]},{"@type":"WebSite","@id":"https:\/\/schijnvliegvelddekiek.nl\/#website","url":"https:\/\/schijnvliegvelddekiek.nl\/","name":"De Kiek sahte havaalan\u0131","description":"","publisher":{"@id":"https:\/\/schijnvliegvelddekiek.nl\/#organization"},"potentialAction":[{"@type":"SearchAction","target":{"@type":"EntryPoint","urlTemplate":"https:\/\/schijnvliegvelddekiek.nl\/?s={search_term_string}"},"query-input":{"@type":"PropertyValueSpecification","valueRequired":true,"valueName":"search_term_string"}}],"inLanguage":"tr"},{"@type":"Organization","@id":"https:\/\/schijnvliegvelddekiek.nl\/#organization","name":"De Kiek sahte havaalan\u0131","url":"https:\/\/schijnvliegvelddekiek.nl\/","logo":{"@type":"ImageObject","inLanguage":"tr","@id":"https:\/\/schijnvliegvelddekiek.nl\/#\/schema\/logo\/image\/","url":"https:\/\/schijnvliegvelddekiek.nl\/wp-content\/uploads\/2022\/02\/logo-schijnvliegveld.png","contentUrl":"https:\/\/schijnvliegvelddekiek.nl\/wp-content\/uploads\/2022\/02\/logo-schijnvliegveld.png","width":1800,"height":1800,"caption":"Schijnvliegveld De Kiek"},"image":{"@id":"https:\/\/schijnvliegvelddekiek.nl\/#\/schema\/logo\/image\/"}}]}},"_links":{"self":[{"href":"https:\/\/schijnvliegvelddekiek.nl\/tr\/wp-json\/wp\/v2\/product\/224","targetHints":{"allow":["GET"]}}],"collection":[{"href":"https:\/\/schijnvliegvelddekiek.nl\/tr\/wp-json\/wp\/v2\/product"}],"about":[{"href":"https:\/\/schijnvliegvelddekiek.nl\/tr\/wp-json\/wp\/v2\/types\/product"}],"replies":[{"embeddable":true,"href":"https:\/\/schijnvliegvelddekiek.nl\/tr\/wp-json\/wp\/v2\/comments?post=224"}],"wp:featuredmedia":[{"embeddable":true,"href":"https:\/\/schijnvliegvelddekiek.nl\/tr\/wp-json\/wp\/v2\/media\/202"}],"wp:attachment":[{"href":"https:\/\/schijnvliegvelddekiek.nl\/tr\/wp-json\/wp\/v2\/media?parent=224"}],"wp:term":[{"taxonomy":"product_brand","embeddable":true,"href":"https:\/\/schijnvliegvelddekiek.nl\/tr\/wp-json\/wp\/v2\/product_brand?post=224"},{"taxonomy":"product_cat","embeddable":true,"href":"https:\/\/schijnvliegvelddekiek.nl\/tr\/wp-json\/wp\/v2\/product_cat?post=224"},{"taxonomy":"product_tag","embeddable":true,"href":"https:\/\/schijnvliegvelddekiek.nl\/tr\/wp-json\/wp\/v2\/product_tag?post=224"}],"curies":[{"name":"wp","href":"https:\/\/api.w.org\/{rel}","templated":true}]}}